{"id":1349,"date":"2018-11-04T21:10:31","date_gmt":"2018-11-04T21:10:31","guid":{"rendered":"http:\/\/futsalowcy.pl\/?page_id=1349"},"modified":"2025-10-20T06:46:06","modified_gmt":"2025-10-20T06:46:06","slug":"top-amator-c","status":"publish","type":"page","link":"http:\/\/futsalowcy.pl\/?page_id=1349","title":{"rendered":"Top Amator C"},"content":{"rendered":"<ol>\n<li><span style=\"color: #000000;\">Bednarski Piotr &#8211; Zachodniopomorski ZPN<\/span><\/li>\n<li><span style=\"color: #000000;\">Bli\u017aniak Micha\u0142 &#8211; Wielkopolski ZPN<\/span><\/li>\n<li><span style=\"color: #000000;\">BZDZIEL Kamil &#8211; Wielkopolski ZPN<\/span><\/li>\n<li><span style=\"color: #000000;\">Ciesielski Kamil &#8211; Ma\u0142opolski ZPN<\/span><\/li>\n<li><span style=\"color: #000000;\">Czekaj Krystian &#8211; Zachodniopomorski ZPN<\/span><\/li>\n<li><span style=\"color: #000000;\">Glazik Piotr &#8211; Pomorski ZPN<\/span><\/li>\n<li><span style=\"color: #000000;\">GRABOWSKI Szymon &#8211; Podlaski ZPN<\/span><\/li>\n<li><span style=\"color: #000000;\">Grodecki Piotr &#8211; Podkarpacki ZPN<\/span><\/li>\n<li><span style=\"color: #000000;\">Guzina Jakub &#8211; Mazowiecki ZPN<\/span><\/li>\n<li><span style=\"color: #000000;\">Gw\u00f3\u017ad\u017a Arkadiusz &#8211; Ma\u0142opolski ZPN<\/span><\/li>\n<li><span style=\"color: #000000;\">Hryc Marcin &#8211; Dolno\u015bl\u0105ski ZPN<\/span><\/li>\n<li><span style=\"color: #000000;\">JA\u015aKIEWICZ Igor &#8211; Dolno\u015bl\u0105ski ZPN<\/span><\/li>\n<li><span style=\"color: #000000;\">JAWORSKI Konrad &#8211; Dolno\u015bl\u0105ski ZPN<\/span><\/li>\n<li><span style=\"color: #000000;\">Jesionek Adrian &#8211; Lubelski ZPN<\/span><\/li>\n<li><span style=\"color: #000000;\">Kierczak Dominik &#8211; \u015al\u0105ski ZPN<\/span><\/li>\n<li><span style=\"color: #000000;\">Klimczyk Mateusz &#8211; \u015al\u0105ski ZPN<\/span><\/li>\n<li><span style=\"color: #000000;\">KOSTECKI Mateusz &#8211; Warmi\u0144sko-Mazurski ZPN<\/span><\/li>\n<li><span style=\"color: #000000;\">\u0141asocha Maciej &#8211; Lubelski ZPN<\/span><\/li>\n<li><span style=\"color: #000000;\">Ma\u0142achowski Konrad &#8211; Dolno\u015bl\u0105ski ZPN<\/span><\/li>\n<li><span style=\"color: #000000;\">Ma\u0142ycha Mateusz Wielkopolski ZPN<\/span><\/li>\n<li><span style=\"color: #000000;\">Mazur Maciej &#8211; Zachodniopomorski ZPN<\/span><\/li>\n<li><span style=\"color: #000000;\">Merwart Wojciech &#8211; \u015awi\u0119tokrzyski ZPN<\/span><\/li>\n<li><span style=\"color: #000000;\">Mik\u0142a Dawid &#8211; \u0141\u00f3dzki ZPN<\/span><\/li>\n<li><span style=\"color: #000000;\">Okunowicz Pawe\u0142 &#8211; Zachodniopomorski ZPN<\/span><\/li>\n<li><span style=\"color: #000000;\">OSTROWSKI Mariusz &#8211; \u015al\u0105ski ZPN<\/span><\/li>\n<li><span style=\"color: #000000;\">PANKALA Jan &#8211; Opolski ZPN<\/span><\/li>\n<li><span style=\"color: #000000;\">Party\u0142a Pawe\u0142 &#8211; Ma\u0142opolski ZPN<\/span><\/li>\n<li><span style=\"color: #000000;\">P\u00f3\u0142ch\u0142opek Dawid &#8211; Podkarpacki ZPN<\/span><\/li>\n<li><span style=\"color: #000000;\">Sierczy\u0144ski Jakub &#8211; \u015awi\u0119tokrzyski ZPN<\/span><\/li>\n<li><span style=\"color: #000000;\">Skrobisz Kamil &#8211; \u015al\u0105ski ZPN<\/span><\/li>\n<li><span style=\"color: #000000;\">STEPNOWSKI Jakub &#8211; Warmi\u0144sko-Mazurski ZPN<\/span><\/li>\n<li><span style=\"color: #000000;\">SZCZO\u0141KO Ewelina \u2013 Lubelski ZPN<\/span><\/li>\n<li><span style=\"color: #000000;\">\u015aLIWA Maciej &#8211; Podkarpacki ZPN<\/span><\/li>\n<li><span style=\"color: #000000;\">Tomaszewski Konrad &#8211; \u015awi\u0119tokrzyski ZPN<\/span><\/li>\n<li><span style=\"color: #000000;\">TUMI\u0143SKI Pawe\u0142 &#8211; Mazowiecki ZPN<\/span><\/li>\n<li><span style=\"color: #000000;\">Urbaniak Maciej &#8211; Mazowiecki ZPN<\/span><\/li>\n<li><span style=\"color: #000000;\">Urba\u0144ski Jakub &#8211; Wielkopolski ZPN<\/span><\/li>\n<li><span style=\"color: #000000;\">Wa\u0142aszek Marcin &#8211; Ma\u0142opolski ZPN<\/span><\/li>\n<li><span style=\"color: #000000;\">Wilk Micha\u0142 &#8211; \u015awi\u0119tokrzyski ZPN<\/span><\/li>\n<li><span style=\"color: #000000;\">Wirkus Bartosz &#8211; Pomorski ZPN<\/span><\/li>\n<li><span style=\"color: #000000;\">Wi\u015bniewski Bartosz &#8211; \u0141\u00f3dzki ZPN<\/span><\/li>\n<li><span style=\"color: #000000;\">W\u0142odarczyk Maciej &#8211; Mazowiecki ZPN<\/span><\/li>\n<li><span style=\"color: #000000;\">Wuczko Sylwester &#8211; Lubelski ZPN<\/span><\/li>\n<li><span style=\"color: #000000;\">\u00a0\u017bak Marcel &#8211; Dolno\u015bl\u0105ski ZPN<\/span><\/li>\n<\/ol>\n","protected":false},"excerpt":{"rendered":"<p>Bednarski Piotr &#8211; Zachodniopomorski ZPN Bli\u017aniak Micha\u0142 &#8211; Wielkopolski ZPN BZDZIEL Kamil &#8211; Wielkopolski ZPN Ciesielski Kamil &#8211; Ma\u0142opolski ZPN Czekaj Krystian &#8211; Zachodniopomorski ZPN Glazik Piotr &#8211; Pomorski ZPN GRABOWSKI Szymon &#8211; Podlaski ZPN Grodecki Piotr &#8211; Podkarpacki ZPN Guzina Jakub &#8211; Mazowiecki ZPN Gw\u00f3\u017ad\u017a Arkadiusz &#8211; Ma\u0142opolski ZPN Hryc Marcin &#8211; Dolno\u015bl\u0105ski ZPN [&hellip;]<\/p>\n","protected":false},"author":2,"featured_media":0,"parent":0,"menu_order":0,"comment_status":"closed","ping_status":"closed","template":"","meta":[],"_links":{"self":[{"href":"http:\/\/futsalowcy.pl\/index.php?rest_route=\/wp\/v2\/pages\/1349"}],"collection":[{"href":"http:\/\/futsalowcy.pl\/index.php?rest_route=\/wp\/v2\/pages"}],"about":[{"href":"http:\/\/futsalowcy.pl\/index.php?rest_route=\/wp\/v2\/types\/page"}],"author":[{"embeddable":true,"href":"http:\/\/futsalowcy.pl\/index.php?rest_route=\/wp\/v2\/users\/2"}],"replies":[{"embeddable":true,"href":"http:\/\/futsalowcy.pl\/index.php?rest_route=%2Fwp%2Fv2%2Fcomments&post=1349"}],"version-history":[{"count":72,"href":"http:\/\/futsalowcy.pl\/index.php?rest_route=\/wp\/v2\/pages\/1349\/revisions"}],"predecessor-version":[{"id":6024,"href":"http:\/\/futsalowcy.pl\/index.php?rest_route=\/wp\/v2\/pages\/1349\/revisions\/6024"}],"wp:attachment":[{"href":"http:\/\/futsalowcy.pl\/index.php?rest_route=%2Fwp%2Fv2%2Fmedia&parent=1349"}],"curies":[{"name":"wp","href":"https:\/\/api.w.org\/{rel}","templated":true}]}}