{"id":162,"date":"2017-01-05T10:25:52","date_gmt":"2017-01-05T10:25:52","guid":{"rendered":"http:\/\/futsalowcy.pl\/?page_id=162"},"modified":"2025-11-09T12:29:56","modified_gmt":"2025-11-09T12:29:56","slug":"zarzad","status":"publish","type":"page","link":"http:\/\/futsalowcy.pl\/?page_id=162","title":{"rendered":"ZF KS PZPN"},"content":{"rendered":"\n<p class=\"has-text-align-center has-large-font-size\"><strong><mark style=\"background-color:rgba(0, 0, 0, 0)\" class=\"has-inline-color has-black-color\">Zesp\u00f3\u0142 Futsalu Kolegium S\u0119dzi\u00f3w PZPN<\/mark><\/strong><\/p>\n\n\n\n<div class=\"wp-block-group is-layout-flow\"><div class=\"wp-block-group__inner-container\">\n<p style=\"text-align: center;\"><img decoding=\"async\" loading=\"lazy\" class=\"wp-image-3665 size-medium\" src=\"http:\/\/futsalowcy.pl\/wp-content\/uploads\/2022\/09\/STAWICKI_SEBASTIAN_-_Kopia-removebg-preview-290x350.png\" alt=\"\" width=\"290\" height=\"350\" srcset=\"http:\/\/futsalowcy.pl\/wp-content\/uploads\/2022\/09\/STAWICKI_SEBASTIAN_-_Kopia-removebg-preview-290x350.png 290w, http:\/\/futsalowcy.pl\/wp-content\/uploads\/2022\/09\/STAWICKI_SEBASTIAN_-_Kopia-removebg-preview.png 455w\" sizes=\"(max-width: 290px) 100vw, 290px\" \/><\/p>\n<h5 style=\"text-align: center;\"><span style=\"color: #000000;\">SEBASTIAN STAWICKI<\/span><\/h5>\n<h6 style=\"text-align: center;\"><span style=\"color: #000000;\">Przewodnicz\u0105cy ZF KS PZPN<\/span><\/h6>\n<p style=\"text-align: center;\"><img decoding=\"async\" loading=\"lazy\" class=\"size-medium wp-image-3669 aligncenter\" src=\"http:\/\/futsalowcy.pl\/wp-content\/uploads\/2022\/09\/GORECKI_MIROSLAW-290x350.png\" alt=\"\" width=\"290\" height=\"350\" srcset=\"http:\/\/futsalowcy.pl\/wp-content\/uploads\/2022\/09\/GORECKI_MIROSLAW-290x350.png 290w, http:\/\/futsalowcy.pl\/wp-content\/uploads\/2022\/09\/GORECKI_MIROSLAW.png 455w\" sizes=\"(max-width: 290px) 100vw, 290px\" \/><\/p>\n<h5 style=\"text-align: center;\">MIROS\u0141AW G\u00d3RECKI<\/h5>\n<h6 style=\"text-align: center;\">Wiceprzewodnicz\u0105cy\u00a0<span style=\"color: #000000;\">ZF KS PZPN<\/span><\/h6>\n<h6 style=\"text-align: center;\">Koordynator obsady obserwator\u00f3w<\/h6>\n<h6 style=\"text-align: center;\"><img decoding=\"async\" loading=\"lazy\" class=\"aligncenter wp-image-4687 size-medium\" src=\"http:\/\/futsalowcy.pl\/wp-content\/uploads\/2023\/08\/WITKOWSKI_ANDRZEJ-290x350.png\" alt=\"\" width=\"290\" height=\"350\" srcset=\"http:\/\/futsalowcy.pl\/wp-content\/uploads\/2023\/08\/WITKOWSKI_ANDRZEJ-290x350.png 290w, http:\/\/futsalowcy.pl\/wp-content\/uploads\/2023\/08\/WITKOWSKI_ANDRZEJ.png 455w\" sizes=\"(max-width: 290px) 100vw, 290px\" \/><\/h6>\n<h5 style=\"text-align: center;\">ANDRZEJ WITKOWSKI<\/h5>\n<h6 style=\"text-align: center;\">Przewodnicz\u0105cy Komisji Szkoleniowej<\/h6>\n<p style=\"text-align: center;\"><img decoding=\"async\" loading=\"lazy\" class=\"size-medium wp-image-3732 aligncenter\" src=\"http:\/\/futsalowcy.pl\/wp-content\/uploads\/2022\/09\/LEYK_JANUSZ.-290x350.png\" alt=\"\" width=\"290\" height=\"350\" srcset=\"http:\/\/futsalowcy.pl\/wp-content\/uploads\/2022\/09\/LEYK_JANUSZ.-290x350.png 290w, http:\/\/futsalowcy.pl\/wp-content\/uploads\/2022\/09\/LEYK_JANUSZ..png 455w\" sizes=\"(max-width: 290px) 100vw, 290px\" \/><\/p>\n<h5 style=\"text-align: center;\">JANUSZ LEYK<\/h5>\n<h6 style=\"text-align: center;\">Koordynator obsady s\u0119dzi\u00f3w<\/h6>\n<p style=\"text-align: center;\"><img decoding=\"async\" loading=\"lazy\" class=\"aligncenter wp-image-3679 size-medium\" src=\"http:\/\/futsalowcy.pl\/wp-content\/uploads\/2022\/09\/PRZYTULA_RAFAL-1-290x350.png\" alt=\"\" width=\"290\" height=\"350\" srcset=\"http:\/\/futsalowcy.pl\/wp-content\/uploads\/2022\/09\/PRZYTULA_RAFAL-1-290x350.png 290w, http:\/\/futsalowcy.pl\/wp-content\/uploads\/2022\/09\/PRZYTULA_RAFAL-1.png 455w\" sizes=\"(max-width: 290px) 100vw, 290px\" \/><\/p>\n<h5 style=\"text-align: center;\">RAFA\u0141 PRZYTU\u0141A<\/h5>\n<h6 style=\"text-align: center;\">Sekretarz ZF KS PZPN<\/h6>\n<\/div><\/div>\n","protected":false},"excerpt":{"rendered":"<p>Zesp\u00f3\u0142 Futsalu Kolegium S\u0119dzi\u00f3w PZPN SEBASTIAN STAWICKI Przewodnicz\u0105cy ZF KS PZPN MIROS\u0141AW G\u00d3RECKI Wiceprzewodnicz\u0105cy\u00a0ZF KS PZPN Koordynator obsady obserwator\u00f3w ANDRZEJ WITKOWSKI Przewodnicz\u0105cy Komisji Szkoleniowej JANUSZ LEYK Koordynator obsady s\u0119dzi\u00f3w RAFA\u0141 PRZYTU\u0141A Sekretarz ZF KS PZPN<\/p>\n","protected":false},"author":2,"featured_media":0,"parent":0,"menu_order":0,"comment_status":"closed","ping_status":"closed","template":"","meta":[],"_links":{"self":[{"href":"http:\/\/futsalowcy.pl\/index.php?rest_route=\/wp\/v2\/pages\/162"}],"collection":[{"href":"http:\/\/futsalowcy.pl\/index.php?rest_route=\/wp\/v2\/pages"}],"about":[{"href":"http:\/\/futsalowcy.pl\/index.php?rest_route=\/wp\/v2\/types\/page"}],"author":[{"embeddable":true,"href":"http:\/\/futsalowcy.pl\/index.php?rest_route=\/wp\/v2\/users\/2"}],"replies":[{"embeddable":true,"href":"http:\/\/futsalowcy.pl\/index.php?rest_route=%2Fwp%2Fv2%2Fcomments&post=162"}],"version-history":[{"count":125,"href":"http:\/\/futsalowcy.pl\/index.php?rest_route=\/wp\/v2\/pages\/162\/revisions"}],"predecessor-version":[{"id":6069,"href":"http:\/\/futsalowcy.pl\/index.php?rest_route=\/wp\/v2\/pages\/162\/revisions\/6069"}],"wp:attachment":[{"href":"http:\/\/futsalowcy.pl\/index.php?rest_route=%2Fwp%2Fv2%2Fmedia&parent=162"}],"curies":[{"name":"wp","href":"https:\/\/api.w.org\/{rel}","templated":true}]}}