{"id":231,"date":"2017-01-08T08:45:31","date_gmt":"2017-01-08T08:45:31","guid":{"rendered":"http:\/\/futsalowcy.pl\/?page_id=231"},"modified":"2025-09-11T20:00:55","modified_gmt":"2025-09-11T20:00:55","slug":"download","status":"publish","type":"page","link":"http:\/\/futsalowcy.pl\/?page_id=231","title":{"rendered":"DO POBRANIA"},"content":{"rendered":"<p><a href=\"http:\/\/futsalowcy.pl\/wp-content\/uploads\/2025\/09\/Procedura-wykonywania-samoocen.pptx\">Procedura wykonywania samoocen<\/a> &#8211;\u00a0<span style=\"color: #ff0000;\"><strong>Nowo\u015b\u0107<\/strong><\/span><\/p>\n<p><a href=\"http:\/\/futsalowcy.pl\/wp-content\/uploads\/2025\/09\/Wytyczne-dla-obserwatorow-Futsal-2025-2026.pdf\">Wskaz\u00f3wki dla obserwator\u00f3w futsalu 2025\/2026<\/a> &#8211; <span style=\"color: #ff0000;\"><strong>Nowo\u015b\u0107<\/strong><\/span><\/p>\n<p><span style=\"color: #000000;\"><a style=\"color: #000000;\" href=\"http:\/\/futsalowcy.pl\/wp-content\/uploads\/2017\/01\/nowy_raport_obserwatora.docx\">Raport obserwatora<\/a><\/span><\/p>\n<p><a href=\"http:\/\/futsalowcy.pl\/wp-content\/uploads\/2022\/09\/Futsalowcy_TV-instrukcja.pdf\"><span style=\"color: #000000;\">Instrukcja dost\u0119pu do kana\u0142u Futsalowcy TV<\/span><\/a><\/p>\n<p><a href=\"https:\/\/docs.google.com\/document\/d\/11LYOb6LwaQZL8RBPdDJDbR4PV55EYwy2\/edit?usp=sharing&amp;ouid=113599703095421379622&amp;rtpof=true&amp;sd=true\"><span style=\"color: #000000;\">Wa\u017cne informacje dotycz\u0105ce samoocen<\/span><\/a><span style=\"color: #000000;\">\u00a0<\/span><\/p>\n<p><span style=\"color: #000000;\"><a style=\"color: #000000;\" href=\"http:\/\/futsalowcy.pl\/wp-content\/uploads\/2023\/01\/arkusz-samooceny.doc\">Arkusz samooceny<\/a><\/span><\/p>\n<p><span style=\"color: #000000;\"><a style=\"color: #000000;\" href=\"http:\/\/futsalowcy.pl\/wp-content\/uploads\/2017\/01\/sprawozdanie.pdf\">Sprawozdanie s\u0119dziowskie &#8211; pdf<\/a><\/span><\/p>\n<p><span style=\"color: #000000;\"><a style=\"color: #000000;\" href=\"http:\/\/futsalowcy.pl\/wp-content\/uploads\/2017\/01\/sprawozdanie.xls\">Sprawozdanie s\u0119dziowskie &#8211; exel<\/a><\/span><\/p>\n<p><span style=\"color: #000000;\"><a style=\"color: #000000;\" href=\"http:\/\/futsalowcy.pl\/wp-content\/uploads\/2017\/01\/czasowy.docx\">Sprawozdanie s\u0119dziego czasowego &#8211; word<\/a><\/span><\/p>\n<p><span style=\"color: #000000;\"><a style=\"color: #000000;\" href=\"http:\/\/futsalowcy.pl\/wp-content\/uploads\/2017\/01\/Arkusz-s\u0119dziego-czasowego.pdf\">Sprawozdanie s\u0119dziego czasowego &#8211; pdf<\/a><\/span><\/p>\n<p><span style=\"color: #000000;\"><a style=\"color: #000000;\" href=\"http:\/\/futsalowcy.pl\/wp-content\/uploads\/2021\/10\/Szablon-prezentacja-futsal.pptx\">Szablon prezentacji<\/a><\/span><\/p>\n<p><a href=\"http:\/\/futsalowcy.pl\/wp-content\/uploads\/2024\/08\/Ekwiwalent-Futsal.pdf\"><span style=\"color: #000000;\">Rycza\u0142ty i stawki dojazdu<\/span><\/a><\/p>\n<p><span style=\"color: #000000;\"><a style=\"color: #000000;\" href=\"http:\/\/futsalowcy.pl\/wp-content\/uploads\/2017\/01\/time-out.pdf\">Time &#8211; out<\/a><\/span><\/p>\n<p><span style=\"color: #000000;\"><a style=\"color: #000000;\" href=\"http:\/\/futsalowcy.pl\/wp-content\/uploads\/2017\/01\/wizyt\u00f3wka.rar\">Wizyt\u00f3wki<\/a><\/span><\/p>\n<p><span style=\"color: #000000;\"><a style=\"color: #000000;\" href=\"http:\/\/futsalowcy.pl\/wp-content\/uploads\/2017\/01\/odprawa.pdf\">Odprawa przedmeczowa<\/a><\/span><\/p>\n<p><!--more--><\/p>\n","protected":false},"excerpt":{"rendered":"<p>Procedura wykonywania samoocen &#8211;\u00a0Nowo\u015b\u0107 Wskaz\u00f3wki dla obserwator\u00f3w futsalu 2025\/2026 &#8211; Nowo\u015b\u0107 Raport obserwatora Instrukcja dost\u0119pu do kana\u0142u Futsalowcy TV Wa\u017cne informacje dotycz\u0105ce samoocen\u00a0 Arkusz samooceny Sprawozdanie s\u0119dziowskie &#8211; pdf Sprawozdanie s\u0119dziowskie &#8211; exel Sprawozdanie s\u0119dziego czasowego &#8211; word Sprawozdanie s\u0119dziego czasowego &#8211; pdf Szablon prezentacji Rycza\u0142ty i stawki dojazdu Time &#8211; out Wizyt\u00f3wki Odprawa przedmeczowa<\/p>\n","protected":false},"author":2,"featured_media":0,"parent":0,"menu_order":0,"comment_status":"closed","ping_status":"closed","template":"","meta":[],"_links":{"self":[{"href":"http:\/\/futsalowcy.pl\/index.php?rest_route=\/wp\/v2\/pages\/231"}],"collection":[{"href":"http:\/\/futsalowcy.pl\/index.php?rest_route=\/wp\/v2\/pages"}],"about":[{"href":"http:\/\/futsalowcy.pl\/index.php?rest_route=\/wp\/v2\/types\/page"}],"author":[{"embeddable":true,"href":"http:\/\/futsalowcy.pl\/index.php?rest_route=\/wp\/v2\/users\/2"}],"replies":[{"embeddable":true,"href":"http:\/\/futsalowcy.pl\/index.php?rest_route=%2Fwp%2Fv2%2Fcomments&post=231"}],"version-history":[{"count":55,"href":"http:\/\/futsalowcy.pl\/index.php?rest_route=\/wp\/v2\/pages\/231\/revisions"}],"predecessor-version":[{"id":5962,"href":"http:\/\/futsalowcy.pl\/index.php?rest_route=\/wp\/v2\/pages\/231\/revisions\/5962"}],"wp:attachment":[{"href":"http:\/\/futsalowcy.pl\/index.php?rest_route=%2Fwp%2Fv2%2Fmedia&parent=231"}],"curies":[{"name":"wp","href":"https:\/\/api.w.org\/{rel}","templated":true}]}}