{"id":260,"date":"2017-01-10T19:18:52","date_gmt":"2017-01-10T19:18:52","guid":{"rendered":"http:\/\/futsalowcy.pl\/?page_id=260"},"modified":"2025-08-15T09:37:25","modified_gmt":"2025-08-15T09:37:25","slug":"obserwatorzy","status":"publish","type":"page","link":"http:\/\/futsalowcy.pl\/?page_id=260","title":{"rendered":"OBSERWATORZY"},"content":{"rendered":"<ol>\n<li><span style=\"color: #000000;\"><a style=\"color: #000000;\" href=\"http:\/\/futsalowcy.pl\/wp-content\/uploads\/2023\/08\/BAK_HENRYK.png\">B\u0104K Henryk &#8211; \u015al\u0105ski ZPN<\/a><\/span><\/li>\n<li><span style=\"color: #000000;\"><a style=\"color: #000000;\" href=\"http:\/\/futsalowcy.pl\/wp-content\/uploads\/2018\/11\/BEHMKE-BARTOSZ.png\">BEHMKE Bart\u0142omiej &#8211; Pomorski ZPN<\/a><\/span><\/li>\n<li><span style=\"color: #000000;\"><a style=\"color: #000000;\" href=\"http:\/\/futsalowcy.pl\/wp-content\/uploads\/2023\/08\/BERNAS_KRZYSZTOF.png\">BERNA\u015a Krzysztof &#8211; \u015al\u0105ski ZPN<\/a><\/span><\/li>\n<li><span style=\"color: #000000;\"><a style=\"color: #000000;\" href=\"http:\/\/futsalowcy.pl\/wp-content\/uploads\/2023\/08\/BIEL_TOMASZ.png\">BIEL Tomasz &#8211; Dolno\u015bl\u0105ski ZPN<\/a><\/span><\/li>\n<li><span style=\"color: #000000;\"><a style=\"color: #000000;\" href=\"http:\/\/futsalowcy.pl\/wp-content\/uploads\/2023\/08\/CHAJDECKI_TOMASZ.png\">CHAJDECKI Tomasz &#8211; Ma\u0142opolski ZPN<\/a><\/span><\/li>\n<li><span style=\"color: #000000;\"><a style=\"color: #000000;\" href=\"http:\/\/futsalowcy.pl\/wp-content\/uploads\/2023\/08\/CUKIERT_ZBIGNIEW.png\">CUKIERT Zbigniew &#8211; Wielkopolski ZPN<\/a><\/span><\/li>\n<li><span style=\"color: #000000;\"><a style=\"color: #000000;\" href=\"http:\/\/futsalowcy.pl\/wp-content\/uploads\/2023\/08\/CZERNACHOWSKI_MAREK.png\">CZERNACHOWSKI Marek\u00a0&#8211; \u015al\u0105ski ZPN<\/a><\/span><\/li>\n<li><a href=\"http:\/\/futsalowcy.pl\/wp-content\/uploads\/2022\/09\/DORN_DAMIAN.png\"><span style=\"color: #000000;\">DORN Damian &#8211; Kujawsko-Pomorski ZPN<\/span><\/a><\/li>\n<li><span style=\"color: #000000;\"><a style=\"color: #000000;\" href=\"http:\/\/futsalowcy.pl\/wp-content\/uploads\/2022\/09\/GORECKI_MIROSLAW.png\">G\u00d3RECKI Miros\u0142aw\u00a0&#8211; \u015al\u0105ski ZPN<\/a><\/span><\/li>\n<li><span style=\"color: #000000;\"><a style=\"color: #000000;\" href=\"http:\/\/futsalowcy.pl\/wp-content\/uploads\/2023\/08\/GRABOWSKI_ROBERT.png\">GRABOWSKI Robert &#8211; Dolno\u015bl\u0105ski ZPN<\/a><\/span><\/li>\n<li><span style=\"color: #000000;\"><a style=\"color: #000000;\" href=\"http:\/\/futsalowcy.pl\/wp-content\/uploads\/2022\/09\/JAGODZINSKI_MACIEJ.png\">JAGODZI\u0143SKI Maciej &#8211; Wielkopolski ZPN<\/a><\/span><\/li>\n<li><a href=\"http:\/\/futsalowcy.pl\/wp-content\/uploads\/2022\/09\/JARUCHIEWICZ_DAMIAN.png\"><span style=\"color: #000000;\">JARUCHIEWICZ Damian &#8211; \u015al\u0105ski ZPN<\/span><\/a><\/li>\n<li><span style=\"color: #000000;\"><a style=\"color: #000000;\" href=\"http:\/\/futsalowcy.pl\/wp-content\/uploads\/2023\/08\/KRUPA_MARIUSZ.png\">KRUPA Mariusz\u00a0&#8211; Ma\u0142opolski ZPN<\/a><\/span><\/li>\n<li><span style=\"color: #000000;\"><a style=\"color: #000000;\" href=\"http:\/\/futsalowcy.pl\/wp-content\/uploads\/2022\/09\/LEYK_JANUSZ..png\">LEYK Janusz &#8211; Pomorski ZPN<\/a><\/span><\/li>\n<li><span style=\"color: #000000;\"><a style=\"color: #000000;\" href=\"http:\/\/futsalowcy.pl\/wp-content\/uploads\/2018\/11\/\u0141UCZAK-MARCIN.png\">\u0141UCZAK Marcin &#8211; Wielkopolski ZPN<\/a><\/span><\/li>\n<li><span style=\"color: #000000;\"><a style=\"color: #000000;\" href=\"http:\/\/futsalowcy.pl\/wp-content\/uploads\/2023\/08\/MUSZYNSKI_MARCIN.png\">MUSZY\u0143SKI Marcin\u00a0&#8211; \u0141\u00f3dzki ZPN<\/a><\/span><\/li>\n<li><span style=\"color: #000000;\"><a style=\"color: #000000;\" href=\"http:\/\/futsalowcy.pl\/wp-content\/uploads\/2022\/09\/PODLECKI_MARIUSZ-1.png\">PODJACKI Mariusz\u00a0&#8211; Pomorski ZPN<\/a><\/span><\/li>\n<li><span style=\"color: #000000;\"><a style=\"color: #000000;\" href=\"http:\/\/futsalowcy.pl\/wp-content\/uploads\/2023\/08\/PODLECKI_ROBERT.png\">PODLECKI Robert &#8211; Lubelski ZPN<\/a><\/span><\/li>\n<li><span style=\"color: #000000;\"><a style=\"color: #000000;\" href=\"http:\/\/futsalowcy.pl\/wp-content\/uploads\/2022\/09\/PRZYTULA_RAFAL-1.png\">PRZYTU\u0141A Rafa\u0142\u00a0&#8211; \u0141\u00f3dzki ZPN<\/a><\/span><\/li>\n<li><span style=\"color: #000000;\"><a style=\"color: #000000;\" href=\"http:\/\/futsalowcy.pl\/wp-content\/uploads\/2023\/08\/RESLINSKI_ARKADIUSZ.png\">RE\u015aLI\u0143SKI Arkadiusz\u00a0&#8211; Wielkopolski ZPN<\/a><\/span><\/li>\n<li><span style=\"color: #000000;\"><a style=\"color: #000000;\" href=\"http:\/\/futsalowcy.pl\/wp-content\/uploads\/2023\/08\/SMOLAREK_DARIUSZ.png\">SMOLAREK Dariusz\u00a0&#8211; Wielkopolski ZPN<\/a><\/span><\/li>\n<li><span style=\"color: #000000;\"><a style=\"color: #000000;\" href=\"http:\/\/futsalowcy.pl\/wp-content\/uploads\/2022\/09\/STAWICKI_SEBASTIAN_-_Kopia-removebg-preview.png\">STAWICKI Sebastian\u00a0&#8211; \u0141\u00f3dzki ZPN<\/a><\/span><\/li>\n<li><span style=\"color: #000000;\"><a style=\"color: #000000;\" href=\"http:\/\/futsalowcy.pl\/wp-content\/uploads\/2019\/08\/WASKOWSKI-JACEK.png\">WASKOWSKI Jacek\u00a0&#8211; Wielkopolski ZPN<\/a><\/span><\/li>\n<li><span style=\"color: #000000;\"><a style=\"color: #000000;\" href=\"http:\/\/futsalowcy.pl\/wp-content\/uploads\/2023\/08\/WITKOWSKI_ANDRZEJ.png\">WITKOWSKI Andrzej &#8211; Pomorski ZPN<\/a><\/span><\/li>\n<li><span style=\"color: #000000;\"><a style=\"color: #000000;\" href=\"http:\/\/futsalowcy.pl\/wp-content\/uploads\/2023\/08\/WOLOWSKI_MARCIN.png\">WO\u0141OWSKI Marcin &#8211; Kujawsko &#8211; Pomorski ZPN<\/a><\/span><\/li>\n<li><span style=\"color: #000000;\"><a style=\"color: #000000;\" href=\"http:\/\/futsalowcy.pl\/wp-content\/uploads\/2023\/08\/ZLOTNICKI_DARIUSZ.png\">Z\u0141OTNICKI Dariusz\u00a0&#8211; Wielkopolski ZPN<\/a><\/span><\/li>\n<\/ol>\n\n\n<p><\/p>\n","protected":false},"excerpt":{"rendered":"<p>B\u0104K Henryk &#8211; \u015al\u0105ski ZPN BEHMKE Bart\u0142omiej &#8211; Pomorski ZPN BERNA\u015a Krzysztof &#8211; \u015al\u0105ski ZPN BIEL Tomasz &#8211; Dolno\u015bl\u0105ski ZPN CHAJDECKI Tomasz &#8211; Ma\u0142opolski ZPN CUKIERT Zbigniew &#8211; Wielkopolski ZPN CZERNACHOWSKI Marek\u00a0&#8211; \u015al\u0105ski ZPN DORN Damian &#8211; Kujawsko-Pomorski ZPN G\u00d3RECKI Miros\u0142aw\u00a0&#8211; \u015al\u0105ski ZPN GRABOWSKI Robert &#8211; Dolno\u015bl\u0105ski ZPN JAGODZI\u0143SKI Maciej &#8211; Wielkopolski ZPN JARUCHIEWICZ Damian [&hellip;]<\/p>\n","protected":false},"author":2,"featured_media":0,"parent":0,"menu_order":0,"comment_status":"closed","ping_status":"closed","template":"","meta":[],"_links":{"self":[{"href":"http:\/\/futsalowcy.pl\/index.php?rest_route=\/wp\/v2\/pages\/260"}],"collection":[{"href":"http:\/\/futsalowcy.pl\/index.php?rest_route=\/wp\/v2\/pages"}],"about":[{"href":"http:\/\/futsalowcy.pl\/index.php?rest_route=\/wp\/v2\/types\/page"}],"author":[{"embeddable":true,"href":"http:\/\/futsalowcy.pl\/index.php?rest_route=\/wp\/v2\/users\/2"}],"replies":[{"embeddable":true,"href":"http:\/\/futsalowcy.pl\/index.php?rest_route=%2Fwp%2Fv2%2Fcomments&post=260"}],"version-history":[{"count":30,"href":"http:\/\/futsalowcy.pl\/index.php?rest_route=\/wp\/v2\/pages\/260\/revisions"}],"predecessor-version":[{"id":5884,"href":"http:\/\/futsalowcy.pl\/index.php?rest_route=\/wp\/v2\/pages\/260\/revisions\/5884"}],"wp:attachment":[{"href":"http:\/\/futsalowcy.pl\/index.php?rest_route=%2Fwp%2Fv2%2Fmedia&parent=260"}],"curies":[{"name":"wp","href":"https:\/\/api.w.org\/{rel}","templated":true}]}}