{"id":3086,"date":"2022-08-08T22:28:20","date_gmt":"2022-08-08T22:28:20","guid":{"rendered":"http:\/\/futsalowcy.pl\/?page_id=3086"},"modified":"2023-09-01T11:13:31","modified_gmt":"2023-09-01T11:13:31","slug":"kontakt","status":"publish","type":"page","link":"http:\/\/futsalowcy.pl\/?page_id=3086","title":{"rendered":"KONTAKT"},"content":{"rendered":"\n<figure class=\"wp-block-table is-style-stripes\"><table><tbody><tr><td><strong><a href=\"mailto:obsada@futsalowcy.pl\">obsada@futsalowcy.pl<\/a><\/strong><\/td><td><br><strong>Urlopowania S\u0119dzi\u00f3w i Obserwator\u00f3w<\/strong><\/td><\/tr><tr><td><a href=\"mailto:sebastian.stawicki@pzpn.pl\">sebastian.stawicki@pzpn.pl<\/a><\/td><td>Przewodnicz\u0105cy Zespo\u0142u Futsalu Kolegium S\u0119dzi\u00f3w PZPN<\/td><\/tr><tr><td><a href=\"mailto:mariusz.podjacki@pzpn.pl\">mariusz.podjacki@pzpn.pl<\/a><\/td><td>Wiceprzewodnicz\u0105cy Zespo\u0142u Futsalu Kolegium S\u0119dzi\u00f3w PZPN<\/td><\/tr><tr><td><a href=\"mailto:janusz.leyk@pzpn.pl\">janusz.leyk@pzpn.pl<\/a><\/td><td>Koordynator obsady s\u0119dzi\u00f3w<\/td><\/tr><tr><td><a href=\"mailto:miroslaw.gorecki@pzpn.pl\">miroslaw.gorecki@pzpn.pl<\/a><\/td><td>Koordynator obsady obserwator\u00f3w<\/td><\/tr><tr><td><a href=\"mailto:rafal.przytula@pzpn.pl\">rafal.przytula@pzpn.pl<\/a><\/td><td>Sekretarz ZF KS PZPN<\/td><\/tr><tr><td><a href=\"mailto:andrzej.witkowski@pzpn.pl\">andrzej.witkowski@pzpn.pl<\/a><\/td><td>Przewodnicz\u0105cy Komisji Szkoleniowej<\/td><\/tr><\/tbody><\/table><\/figure>\n","protected":false},"excerpt":{"rendered":"<p>obsada@futsalowcy.pl Urlopowania S\u0119dzi\u00f3w i Obserwator\u00f3w sebastian.stawicki@pzpn.pl Przewodnicz\u0105cy Zespo\u0142u Futsalu Kolegium S\u0119dzi\u00f3w PZPN mariusz.podjacki@pzpn.pl Wiceprzewodnicz\u0105cy Zespo\u0142u Futsalu Kolegium S\u0119dzi\u00f3w PZPN janusz.leyk@pzpn.pl Koordynator obsady s\u0119dzi\u00f3w miroslaw.gorecki@pzpn.pl Koordynator obsady obserwator\u00f3w rafal.przytula@pzpn.pl Sekretarz ZF KS PZPN andrzej.witkowski@pzpn.pl Przewodnicz\u0105cy Komisji Szkoleniowej<\/p>\n","protected":false},"author":2,"featured_media":0,"parent":0,"menu_order":0,"comment_status":"closed","ping_status":"closed","template":"","meta":[],"_links":{"self":[{"href":"http:\/\/futsalowcy.pl\/index.php?rest_route=\/wp\/v2\/pages\/3086"}],"collection":[{"href":"http:\/\/futsalowcy.pl\/index.php?rest_route=\/wp\/v2\/pages"}],"about":[{"href":"http:\/\/futsalowcy.pl\/index.php?rest_route=\/wp\/v2\/types\/page"}],"author":[{"embeddable":true,"href":"http:\/\/futsalowcy.pl\/index.php?rest_route=\/wp\/v2\/users\/2"}],"replies":[{"embeddable":true,"href":"http:\/\/futsalowcy.pl\/index.php?rest_route=%2Fwp%2Fv2%2Fcomments&post=3086"}],"version-history":[{"count":17,"href":"http:\/\/futsalowcy.pl\/index.php?rest_route=\/wp\/v2\/pages\/3086\/revisions"}],"predecessor-version":[{"id":4744,"href":"http:\/\/futsalowcy.pl\/index.php?rest_route=\/wp\/v2\/pages\/3086\/revisions\/4744"}],"wp:attachment":[{"href":"http:\/\/futsalowcy.pl\/index.php?rest_route=%2Fwp%2Fv2%2Fmedia&parent=3086"}],"curies":[{"name":"wp","href":"https:\/\/api.w.org\/{rel}","templated":true}]}}