{"id":3098,"date":"2022-08-08T23:00:43","date_gmt":"2022-08-08T23:00:43","guid":{"rendered":"http:\/\/futsalowcy.pl\/?page_id=3098"},"modified":"2024-05-05T03:54:25","modified_gmt":"2024-05-05T03:54:25","slug":"komisja-szkoleniowa","status":"publish","type":"page","link":"http:\/\/futsalowcy.pl\/?page_id=3098","title":{"rendered":"Komisja szkoleniowa"},"content":{"rendered":"<h5 style=\"text-align: center;\"><span style=\"color: #000000;\">Przewodnicz\u0105cy Komisji Szkoleniowej:<\/span><\/h5>\n<p style=\"text-align: center;\"><img decoding=\"async\" loading=\"lazy\" class=\"size-medium wp-image-4687 aligncenter\" src=\"http:\/\/futsalowcy.pl\/wp-content\/uploads\/2023\/08\/WITKOWSKI_ANDRZEJ-290x350.png\" alt=\"\" width=\"290\" height=\"350\" srcset=\"http:\/\/futsalowcy.pl\/wp-content\/uploads\/2023\/08\/WITKOWSKI_ANDRZEJ-290x350.png 290w, http:\/\/futsalowcy.pl\/wp-content\/uploads\/2023\/08\/WITKOWSKI_ANDRZEJ.png 455w\" sizes=\"(max-width: 290px) 100vw, 290px\" \/><\/p>\n<h5 style=\"text-align: center;\">ANDRZEJ WITKOWSKI<\/h5>\n<h5 style=\"text-align: center;\"><span style=\"color: #000000;\">Cz\u0142onkowie:<\/span><\/h5>\n<p style=\"text-align: center;\"><img decoding=\"async\" loading=\"lazy\" class=\"size-medium wp-image-4684 aligncenter\" src=\"http:\/\/futsalowcy.pl\/wp-content\/uploads\/2023\/08\/RESLINSKI_ARKADIUSZ-290x350.png\" alt=\"\" width=\"290\" height=\"350\" srcset=\"http:\/\/futsalowcy.pl\/wp-content\/uploads\/2023\/08\/RESLINSKI_ARKADIUSZ-290x350.png 290w, http:\/\/futsalowcy.pl\/wp-content\/uploads\/2023\/08\/RESLINSKI_ARKADIUSZ.png 455w\" sizes=\"(max-width: 290px) 100vw, 290px\" \/><\/p>\n<h5 style=\"text-align: center;\">ARKADIUSZ RE\u015aLI\u0143SKI<\/h5>\n<p style=\"text-align: center;\">\n","protected":false},"excerpt":{"rendered":"<p>Przewodnicz\u0105cy Komisji Szkoleniowej: ANDRZEJ WITKOWSKI Cz\u0142onkowie: ARKADIUSZ RE\u015aLI\u0143SKI<\/p>\n","protected":false},"author":2,"featured_media":0,"parent":0,"menu_order":0,"comment_status":"closed","ping_status":"closed","template":"","meta":[],"_links":{"self":[{"href":"http:\/\/futsalowcy.pl\/index.php?rest_route=\/wp\/v2\/pages\/3098"}],"collection":[{"href":"http:\/\/futsalowcy.pl\/index.php?rest_route=\/wp\/v2\/pages"}],"about":[{"href":"http:\/\/futsalowcy.pl\/index.php?rest_route=\/wp\/v2\/types\/page"}],"author":[{"embeddable":true,"href":"http:\/\/futsalowcy.pl\/index.php?rest_route=\/wp\/v2\/users\/2"}],"replies":[{"embeddable":true,"href":"http:\/\/futsalowcy.pl\/index.php?rest_route=%2Fwp%2Fv2%2Fcomments&post=3098"}],"version-history":[{"count":36,"href":"http:\/\/futsalowcy.pl\/index.php?rest_route=\/wp\/v2\/pages\/3098\/revisions"}],"predecessor-version":[{"id":5152,"href":"http:\/\/futsalowcy.pl\/index.php?rest_route=\/wp\/v2\/pages\/3098\/revisions\/5152"}],"wp:attachment":[{"href":"http:\/\/futsalowcy.pl\/index.php?rest_route=%2Fwp%2Fv2%2Fmedia&parent=3098"}],"curies":[{"name":"wp","href":"https:\/\/api.w.org\/{rel}","templated":true}]}}