{"id":3430,"date":"2022-09-01T20:13:08","date_gmt":"2022-09-01T20:13:08","guid":{"rendered":"http:\/\/futsalowcy.pl\/?page_id=3430"},"modified":"2025-04-07T21:28:24","modified_gmt":"2025-04-07T21:28:24","slug":"materialy-szkoleniowe","status":"publish","type":"page","link":"http:\/\/futsalowcy.pl\/?page_id=3430","title":{"rendered":"Quizy"},"content":{"rendered":"\n<p><\/p>\n\n\n\n<p><mark style=\"background-color:rgba(0, 0, 0, 0)\" class=\"has-inline-color has-black-color\">Nasze quizy to kr\u00f3tkie testy, dzi\u0119ki kt\u00f3rym mo\u017cesz sprawdzi\u0107 swoj\u0105 wiedz\u0119 na temat Przepis\u00f3w Gry w Futsal.<\/mark><\/p>\n\n\n\n<p><\/p>\n\n\n\n<p><strong><a rel=\"noreferrer noopener\" href=\"https:\/\/www.fyrebox.com\/play\/gqzb6xxod5jxp6gdr6\/\" target=\"_blank\">QUIZ 1<\/a><\/strong>  Ok\u00f3lnik nr 1806<\/p>\n\n\n\n<p><strong><a rel=\"noreferrer noopener\" href=\"https:\/\/www.fyrebox.com\/play\/gqzb6xxodyqdmdnped\/\" data-type=\"URL\" data-id=\"https:\/\/www.fyrebox.com\/play\/gqzb6xxodyqdmdnped\/\" target=\"_blank\">QUIZ 2<\/a><\/strong>  PG Art. 1 \/ 2 <\/p>\n\n\n\n<p><strong><a rel=\"noreferrer noopener\" href=\"https:\/\/www.fyrebox.com\/play\/5jav1rmav7z8156akn\/\" data-type=\"URL\" data-id=\"https:\/\/www.fyrebox.com\/play\/5jav1rmav7z8156akn\/\" target=\"_blank\">QUIZ 3<\/a><\/strong>  PG Art. 3 \/ 4 <\/p>\n\n\n\n<p><strong><a rel=\"noreferrer noopener\" href=\"https:\/\/www.fyrebox.com\/play\/gqzb6xxodveqz9ly53\/\" data-type=\"URL\" data-id=\"https:\/\/www.fyrebox.com\/play\/gqzb6xxodveqz9ly53\/\" target=\"_blank\">QUIZ 4<\/a><\/strong>  PG Art. 5 \/ 6 <\/p>\n\n\n\n<p style=\"text-transform:none\"><strong><a rel=\"noreferrer noopener\" href=\"https:\/\/www.fyrebox.com\/play\/gqzb6xxodyq1dnylkk\/\" data-type=\"URL\" data-id=\"https:\/\/www.fyrebox.com\/play\/gqzb6xxodyq1dnylkk\/\" target=\"_blank\">QUIZ 5<\/a><\/strong>  PG Art. 7 \/ 8 \/ 9 \/ 10 <\/p>\n\n\n\n<p><strong><a rel=\"noreferrer noopener\" href=\"https:\/\/www.fyrebox.com\/play\/gqzb6xxodngvol2gvd\/\" data-type=\"URL\" data-id=\"https:\/\/www.fyrebox.com\/play\/gqzb6xxodngvol2gvd\/\" target=\"_blank\">QUIZ 6<\/a><\/strong>  PG Art. 12<\/p>\n\n\n\n<p><a rel=\"noreferrer noopener\" href=\"https:\/\/www.fyrebox.com\/play\/5jav1rmavyqvm3drbp\/\" data-type=\"URL\" data-id=\"https:\/\/www.fyrebox.com\/play\/5jav1rmavyqvm3drbp\/\" target=\"_blank\"><strong>QUIZ 7<\/strong><\/a>  PG Art. 13<\/p>\n\n\n\n<p><a rel=\"noreferrer noopener\" href=\"https:\/\/www.fyrebox.com\/play\/5jav1rmavogdlawljw\/\" data-type=\"URL\" data-id=\"https:\/\/www.fyrebox.com\/play\/5jav1rmavogdlawljw\/\" target=\"_blank\"><strong>QUIZ 8<\/strong><\/a>  PG Art. 14  <\/p>\n\n\n\n<p><a rel=\"noreferrer noopener\" href=\"https:\/\/www.fyrebox.com\/play\/5jav1rmavgq17z1bld\/\" data-type=\"URL\" data-id=\"https:\/\/www.fyrebox.com\/play\/5jav1rmavgq17z1bld\/\" target=\"_blank\"><strong>QUIZ 9<\/strong><\/a>  PG Art. 15 \/ 16 \/ 17<\/p>\n\n\n\n<p><a rel=\"noreferrer noopener\" href=\"https:\/\/www.fyrebox.com\/play\/5jav1rmavzqjradvwk\/\" target=\"_blank\"><strong>QUIZ 10<\/strong><\/a>  Ok\u00f3lnik nr 1868<\/p>\n\n\n\n<p><a rel=\"noreferrer noopener\" href=\"https:\/\/www.fyrebox.com\/play\/88waaaj7yayk28d97x\/\" target=\"_blank\"><strong>QUIZ 11<\/strong><\/a>  Karne (seria rzut\u00f3w karnych)<\/p>\n\n\n\n<p><a rel=\"noreferrer noopener\" href=\"https:\/\/www.fyrebox.com\/play\/88waaaj7ykke6nvv3b\/\" target=\"_blank\"><strong>QUIZ 12<\/strong><\/a> DOGSO <strong><mark style=\"background-color:rgba(0, 0, 0, 0)\" class=\"has-inline-color has-vivid-red-color\">Nowo\u015b\u0107<\/mark><\/strong><\/p>\n\n\n\n<p><a rel=\"noreferrer noopener\" href=\"http:\/\/futsalowcy.pl\/wp-content\/uploads\/2025\/04\/SPA-DOGSO-animacjakey-2.pdf\" target=\"_blank\"><strong>SPA\/DOGSO<\/strong><\/a> animacje<\/p>\n\n\n\n<p><strong><a href=\"https:\/\/www.fyrebox.com\/play\/88waaaj7yyqvdaw5lq\/\" target=\"_blank\" rel=\"noreferrer noopener\">QUIZ 13<\/a><\/strong> Wsparcie Wideo <strong><mark style=\"background-color:rgba(0, 0, 0, 0)\" class=\"has-inline-color has-vivid-red-color\">Nowo\u015b\u0107<\/mark><\/strong><\/p>\n\n\n\n<p><\/p>\n","protected":false},"excerpt":{"rendered":"<p>Nasze quizy to kr\u00f3tkie testy, dzi\u0119ki kt\u00f3rym mo\u017cesz sprawdzi\u0107 swoj\u0105 wiedz\u0119 na temat Przepis\u00f3w Gry w Futsal. QUIZ 1 Ok\u00f3lnik nr 1806 QUIZ 2 PG Art. 1 \/ 2 QUIZ 3 PG Art. 3 \/ 4 QUIZ 4 PG Art. 5 \/ 6 QUIZ 5 PG Art. 7 \/ 8 \/ 9 \/ 10 QUIZ [&hellip;]<\/p>\n","protected":false},"author":2,"featured_media":0,"parent":0,"menu_order":0,"comment_status":"closed","ping_status":"closed","template":"","meta":[],"_links":{"self":[{"href":"http:\/\/futsalowcy.pl\/index.php?rest_route=\/wp\/v2\/pages\/3430"}],"collection":[{"href":"http:\/\/futsalowcy.pl\/index.php?rest_route=\/wp\/v2\/pages"}],"about":[{"href":"http:\/\/futsalowcy.pl\/index.php?rest_route=\/wp\/v2\/types\/page"}],"author":[{"embeddable":true,"href":"http:\/\/futsalowcy.pl\/index.php?rest_route=\/wp\/v2\/users\/2"}],"replies":[{"embeddable":true,"href":"http:\/\/futsalowcy.pl\/index.php?rest_route=%2Fwp%2Fv2%2Fcomments&post=3430"}],"version-history":[{"count":120,"href":"http:\/\/futsalowcy.pl\/index.php?rest_route=\/wp\/v2\/pages\/3430\/revisions"}],"predecessor-version":[{"id":5761,"href":"http:\/\/futsalowcy.pl\/index.php?rest_route=\/wp\/v2\/pages\/3430\/revisions\/5761"}],"wp:attachment":[{"href":"http:\/\/futsalowcy.pl\/index.php?rest_route=%2Fwp%2Fv2%2Fmedia&parent=3430"}],"curies":[{"name":"wp","href":"https:\/\/api.w.org\/{rel}","templated":true}]}}