{"id":4163,"date":"2023-01-03T11:09:08","date_gmt":"2023-01-03T11:09:08","guid":{"rendered":"http:\/\/futsalowcy.pl\/?page_id=4163"},"modified":"2026-01-21T07:41:35","modified_gmt":"2026-01-21T07:41:35","slug":"program-mentorski","status":"publish","type":"page","link":"http:\/\/futsalowcy.pl\/?page_id=4163","title":{"rendered":"Program mentorski"},"content":{"rendered":"\n<p><mark style=\"background-color:rgba(0, 0, 0, 0)\" class=\"has-inline-color has-black-color\">Odpowiedzialnym za realizacj\u0119 i koordynacj\u0119 PM 2025-26 jest Rafa\u0142 Przytu\u0142a.<\/mark><\/p>\n\n\n\n<p><mark style=\"background-color:rgba(0, 0, 0, 0)\" class=\"has-inline-color has-black-color\">Pary s\u0119dzia &#8211; mentor zatwierdzone przez ZF KS PZPN na sezon <\/mark>2025\/2026<\/p>\n\n\n\n<p><\/p>\n\n\n\n<figure class=\"wp-block-table\"><table><tbody><tr><td><strong>S\u0119dzia<\/strong><\/td><td><strong>ZPN<\/strong><\/td><td><strong>Mentor<\/strong><\/td><\/tr><tr><td><strong>Aleksandrowicz Przemys\u0142aw<\/strong><\/td><td><strong>\u0141\u00f3dzki<\/strong><\/td><td><strong>Andrzej Witkowski<\/strong><\/td><\/tr><tr><td><strong>Bednarczyk Tomasz<\/strong><\/td><td><strong>Ma\u0142opolski<\/strong><\/td><td><strong>Maciej Jagodzi\u0144ski<\/strong><\/td><\/tr><tr><td><strong>Jasica Kacper<\/strong><\/td><td><strong>Ma\u0142opolski<\/strong><\/td><td><strong>Rafa\u0142 Przytu\u0142a<\/strong><\/td><\/tr><tr><td><strong>Ko\u0142a\u015b Dawid<\/strong><\/td><td><strong>Ma\u0142opolski<\/strong><\/td><td><strong>Arek Re\u015bli\u0144ski<\/strong><\/td><\/tr><tr><td><strong>Kope\u0107 Tomasz<\/strong><\/td><td><strong>Podkarpacki<\/strong><\/td><td><strong>Miros\u0142aw G\u00f3recki<\/strong><\/td><\/tr><tr><td><strong>Kosicki Micha\u0142<\/strong><\/td><td><strong>Wielkopolski<\/strong><\/td><td><strong>Andrzej Witkowski<\/strong><\/td><\/tr><tr><td><strong>Niemirski Micha\u0142<\/strong><\/td><td><strong>Dolno\u015bl\u0105ski<\/strong><\/td><td><strong>Dariusz Z\u0142otnicki<\/strong><\/td><\/tr><tr><td><strong>Rodak Mateusz<\/strong><\/td><td><strong>\u015awi\u0119tokrzyski<\/strong><\/td><td><strong>Mariusz Krupa<\/strong><\/td><\/tr><tr><td><strong>Wac\u0142awik Kamil<\/strong><\/td><td><strong>\u015al\u0105ski<\/strong><\/td><td><strong>Robert Grabowski<\/strong><\/td><\/tr><\/tbody><\/table><\/figure>\n","protected":false},"excerpt":{"rendered":"<p>Odpowiedzialnym za realizacj\u0119 i koordynacj\u0119 PM 2025-26 jest Rafa\u0142 Przytu\u0142a. Pary s\u0119dzia &#8211; mentor zatwierdzone przez ZF KS PZPN na sezon 2025\/2026 S\u0119dzia ZPN Mentor Aleksandrowicz Przemys\u0142aw \u0141\u00f3dzki Andrzej Witkowski Bednarczyk Tomasz Ma\u0142opolski Maciej Jagodzi\u0144ski Jasica Kacper Ma\u0142opolski Rafa\u0142 Przytu\u0142a Ko\u0142a\u015b Dawid Ma\u0142opolski Arek Re\u015bli\u0144ski Kope\u0107 Tomasz Podkarpacki Miros\u0142aw G\u00f3recki Kosicki Micha\u0142 Wielkopolski Andrzej Witkowski [&hellip;]<\/p>\n","protected":false},"author":2,"featured_media":0,"parent":0,"menu_order":2,"comment_status":"closed","ping_status":"closed","template":"","meta":[],"_links":{"self":[{"href":"http:\/\/futsalowcy.pl\/index.php?rest_route=\/wp\/v2\/pages\/4163"}],"collection":[{"href":"http:\/\/futsalowcy.pl\/index.php?rest_route=\/wp\/v2\/pages"}],"about":[{"href":"http:\/\/futsalowcy.pl\/index.php?rest_route=\/wp\/v2\/types\/page"}],"author":[{"embeddable":true,"href":"http:\/\/futsalowcy.pl\/index.php?rest_route=\/wp\/v2\/users\/2"}],"replies":[{"embeddable":true,"href":"http:\/\/futsalowcy.pl\/index.php?rest_route=%2Fwp%2Fv2%2Fcomments&post=4163"}],"version-history":[{"count":10,"href":"http:\/\/futsalowcy.pl\/index.php?rest_route=\/wp\/v2\/pages\/4163\/revisions"}],"predecessor-version":[{"id":6153,"href":"http:\/\/futsalowcy.pl\/index.php?rest_route=\/wp\/v2\/pages\/4163\/revisions\/6153"}],"wp:attachment":[{"href":"http:\/\/futsalowcy.pl\/index.php?rest_route=%2Fwp%2Fv2%2Fmedia&parent=4163"}],"curies":[{"name":"wp","href":"https:\/\/api.w.org\/{rel}","templated":true}]}}