{"id":624,"date":"2017-07-31T13:11:59","date_gmt":"2017-07-31T13:11:59","guid":{"rendered":"http:\/\/futsalowcy.pl\/?page_id=624"},"modified":"2025-10-19T21:28:19","modified_gmt":"2025-10-19T21:28:19","slug":"top-amator-a","status":"publish","type":"page","link":"http:\/\/futsalowcy.pl\/?page_id=624","title":{"rendered":"Top Amator A"},"content":{"rendered":"<ol>\n<li><span style=\"color: #000000;\"><a style=\"color: #000000;\" href=\"http:\/\/futsalowcy.pl\/wp-content\/uploads\/2021\/10\/BIA\u0141OW\u0104S-WOJCIECH.png\">BIA\u0141OW\u0104S Wojciech &#8211; Opolski ZPN<\/a><\/span><\/li>\n<li><a href=\"http:\/\/futsalowcy.pl\/wp-content\/uploads\/2023\/08\/BORS_MARIUSZ.png\"><span style=\"color: #000000;\">BORS Mariusz \u2013 Mazowiecki ZPN<\/span><\/a><\/li>\n<li><span style=\"color: #000000;\"><a style=\"color: #000000;\" href=\"http:\/\/futsalowcy.pl\/wp-content\/uploads\/2023\/08\/BRUDNICKA_MARTA.png\">BRUDNICKA Marta &#8211; Mazowiecki ZPN<\/a><\/span><\/li>\n<li><span style=\"color: #000000;\"><a style=\"color: #000000;\" href=\"http:\/\/futsalowcy.pl\/wp-content\/uploads\/2023\/08\/CHARCHUT_PAWEL.png\">CHARCHUT Pawe\u0142 &#8211; Podkarpacki ZPN<\/a><\/span><\/li>\n<li><a href=\"http:\/\/futsalowcy.pl\/wp-content\/uploads\/2022\/09\/CHRZANOWSKI_MARIUSZ.png\"><span style=\"color: #000000;\">CHRZANOWSKI Mariusz &#8211; Podlaski ZPN<\/span><\/a><\/li>\n<li><a href=\"http:\/\/futsalowcy.pl\/wp-content\/uploads\/2022\/09\/CIENKI_SZYMON.png\"><span style=\"color: #000000;\">CIENKI Szymon &#8211; \u0141\u00f3dzki ZPN<\/span><\/a><\/li>\n<li><a href=\"http:\/\/futsalowcy.pl\/wp-content\/uploads\/2022\/09\/CIESLOK_DAWID.png\"><span style=\"color: #000000;\">CIE\u015aLOK Dawid &#8211; \u015al\u0105ski ZPN<\/span><\/a><\/li>\n<li><span style=\"color: #000000;\">CZAJKA Przemys\u0142aw &#8211; Wielkopolski ZPN<\/span><\/li>\n<li><a href=\"http:\/\/futsalowcy.pl\/wp-content\/uploads\/2022\/09\/CZUDZINOWICZ_MONIKA.png\"><span style=\"color: #000000;\">CZUDZINOWICZ Monika \u2013 Podlaski ZPN<\/span><\/a><\/li>\n<li><a href=\"http:\/\/futsalowcy.pl\/wp-content\/uploads\/2022\/09\/DOROCKI_ADRIAN.png\"><span style=\"color: #000000;\">DOROCKI Adrian &#8211; Dolno\u015bl\u0105ski ZPN<\/span><\/a><\/li>\n<li><span style=\"color: #000000;\">FALISZEWSKI Adam &#8211; \u0141\u00f3dzki ZPN<\/span><\/li>\n<li><span style=\"color: #000000;\"><a style=\"color: #000000;\" href=\"http:\/\/futsalowcy.pl\/wp-content\/uploads\/2020\/12\/FIODORCZUK-EWELINA.png\">FIODORCZUK-SIPKO Ewelina &#8211; Podlaski ZPN<\/a><\/span><\/li>\n<li><span style=\"color: #000000;\">G\u0141USZEK Krzysztof &#8211; Mazowiecki ZPN<\/span><\/li>\n<li><span style=\"color: #000000;\"><a style=\"color: #000000;\" href=\"http:\/\/futsalowcy.pl\/wp-content\/uploads\/2020\/12\/GNUTEK-RAFA\u0141.png\">GNUTEK Rafa\u0142 &#8211; Ma\u0142opolski ZPN<\/a><\/span><\/li>\n<li><a href=\"http:\/\/futsalowcy.pl\/wp-content\/uploads\/2022\/09\/GUTOWSKI_MARCIN.png\"><span style=\"color: #000000;\">GUTOWSKI Marcin &#8211; \u0141\u00f3dzki ZPN<\/span><\/a><\/li>\n<li><span style=\"color: #000000;\"><a style=\"color: #000000;\" href=\"http:\/\/futsalowcy.pl\/wp-content\/uploads\/2023\/08\/JARGUZ_PAWEL.png\">JARGUZ Pawe\u0142 &#8211; Warmi\u0144sko-Mazurski ZPN<\/a><\/span><\/li>\n<li><span style=\"color: #000000;\"><a style=\"color: #000000;\" href=\"http:\/\/futsalowcy.pl\/wp-content\/uploads\/2018\/12\/KOFLUK-%C5%81UKASZ.png\">KOFLUK \u0141ukasz \u2013 Pomorski ZPN<\/a><\/span><\/li>\n<li><a href=\"http:\/\/futsalowcy.pl\/wp-content\/uploads\/2022\/09\/KOLOCZEK_PIOTR.png\"><span style=\"color: #000000;\">KOLOCZEK Piotr &#8211; \u015al\u0105ski ZPN<\/span><\/a><\/li>\n<li><span style=\"color: #000000;\"><a style=\"color: #000000;\" href=\"http:\/\/futsalowcy.pl\/wp-content\/uploads\/2020\/12\/KONIECZNY-MATEUSZ.png\">KONIECZNY Mateusz &#8211; \u015al\u0105ski ZPN<\/a><\/span><\/li>\n<li><span style=\"color: #000000;\"><a style=\"color: #000000;\" href=\"http:\/\/futsalowcy.pl\/wp-content\/uploads\/2020\/12\/KU\u0141AK-MACIEJ.png\">KU\u0141AK Maciej &#8211; Zachodniopomorski ZPN<\/a><\/span><\/li>\n<li><span style=\"color: #000000;\">L\u0104D Sebastian &#8211; Lubelski ZPN<\/span><\/li>\n<li><span style=\"color: #000000;\">LIPA Dominik &#8211; Pomorski ZPN<\/span><\/li>\n<li><span style=\"color: #000000;\">MAJSZCZYK Marta &#8211; Mazowiecki ZPN<\/span><\/li>\n<li><a href=\"http:\/\/futsalowcy.pl\/wp-content\/uploads\/2023\/08\/MALINOWSKI_KRZYSZTOF.png\"><span style=\"color: #000000;\">MALINOWSKI Krzysztof &#8211; Wielkopolski ZPN<\/span><\/a><\/li>\n<li><span style=\"color: #000000;\">MROZEK Barbara &#8211; Kujawsko-Pomorski ZPN<\/span><\/li>\n<li><span style=\"color: #000000;\">OLENDER Karol &#8211; Pomorski ZPN<\/span><\/li>\n<li><span style=\"color: #000000;\">OPALA Pawe\u0142 &#8211; Ma\u0142opolski ZPN<\/span><\/li>\n<li><span style=\"color: #000000;\"><a style=\"color: #000000;\" href=\"http:\/\/futsalowcy.pl\/wp-content\/uploads\/2020\/12\/PATLA-MATEUSZ.png\">PATLA Mateusz &#8211; \u015al\u0105ski ZPN<\/a><\/span><\/li>\n<li><span style=\"color: #000000;\">PAWLAK Micha\u0142 &#8211; Lubuski ZPN<\/span><\/li>\n<li><span style=\"color: #000000;\"><a style=\"color: #000000;\" href=\"http:\/\/futsalowcy.pl\/wp-content\/uploads\/2023\/08\/PAWLICKI_ROBERT.png\">PAWLICKI Robert \u2013 Wielkopolski ZPN<\/a><\/span><\/li>\n<li><span style=\"color: #000000;\">PIETRZAK Wojciech &#8211; \u0141\u00f3dzki ZPN<\/span><\/li>\n<li><span style=\"color: #000000;\">ROBAKOWSKI B\u0142a\u017cej &#8211; Wielkopolski ZPN<\/span><\/li>\n<li><span style=\"color: #000000;\">SIKORSKI Mariusz &#8211; Wielkopolski ZPN<\/span><\/li>\n<li><span style=\"color: #000000;\">SIWEK Maciej &#8211; Dolno\u015bl\u0105ski ZPN<\/span><\/li>\n<li><span style=\"color: #000000;\">SZCZ\u0118SNA Adrianna &#8211; Lubelski ZPN<\/span><\/li>\n<li><span style=\"color: #000000;\">SZCZYPKOWSKI Rafa\u0142 &#8211; \u0141\u00f3dzki ZPN<\/span><\/li>\n<li><span style=\"color: #000000;\"><a style=\"color: #000000;\" href=\"http:\/\/futsalowcy.pl\/wp-content\/uploads\/2023\/08\/SZKODZINSKI_MARCIN.png\">SZKODZI\u0143SKI Marcin &#8211; Kujawsko-Pomorski ZPN<\/a><\/span><\/li>\n<li><a href=\"http:\/\/futsalowcy.pl\/wp-content\/uploads\/2022\/10\/SLIWA_ANDRZEJ.png\"><span style=\"color: #000000;\">\u015aLIWA Andrzej &#8211; \u015awi\u0119tokrzyski ZPN<\/span><\/a><\/li>\n<li><span style=\"color: #000000;\"><a style=\"color: #000000;\" href=\"http:\/\/futsalowcy.pl\/wp-content\/uploads\/2023\/08\/WALKOWSKI_MICHAL.png\">WALKOWSKI Micha\u0142 &#8211; Pomorski ZPN<\/a><\/span><\/li>\n<li><span style=\"color: #000000;\">ZAKRZEWICZ Olivier &#8211; Wielkopolski ZPN<\/span><\/li>\n<\/ol>\n","protected":false},"excerpt":{"rendered":"<p>BIA\u0141OW\u0104S Wojciech &#8211; Opolski ZPN BORS Mariusz \u2013 Mazowiecki ZPN BRUDNICKA Marta &#8211; Mazowiecki ZPN CHARCHUT Pawe\u0142 &#8211; Podkarpacki ZPN CHRZANOWSKI Mariusz &#8211; Podlaski ZPN CIENKI Szymon &#8211; \u0141\u00f3dzki ZPN CIE\u015aLOK Dawid &#8211; \u015al\u0105ski ZPN CZAJKA Przemys\u0142aw &#8211; Wielkopolski ZPN CZUDZINOWICZ Monika \u2013 Podlaski ZPN DOROCKI Adrian &#8211; Dolno\u015bl\u0105ski ZPN FALISZEWSKI Adam &#8211; \u0141\u00f3dzki ZPN [&hellip;]<\/p>\n","protected":false},"author":2,"featured_media":0,"parent":0,"menu_order":0,"comment_status":"closed","ping_status":"closed","template":"","meta":[],"_links":{"self":[{"href":"http:\/\/futsalowcy.pl\/index.php?rest_route=\/wp\/v2\/pages\/624"}],"collection":[{"href":"http:\/\/futsalowcy.pl\/index.php?rest_route=\/wp\/v2\/pages"}],"about":[{"href":"http:\/\/futsalowcy.pl\/index.php?rest_route=\/wp\/v2\/types\/page"}],"author":[{"embeddable":true,"href":"http:\/\/futsalowcy.pl\/index.php?rest_route=\/wp\/v2\/users\/2"}],"replies":[{"embeddable":true,"href":"http:\/\/futsalowcy.pl\/index.php?rest_route=%2Fwp%2Fv2%2Fcomments&post=624"}],"version-history":[{"count":44,"href":"http:\/\/futsalowcy.pl\/index.php?rest_route=\/wp\/v2\/pages\/624\/revisions"}],"predecessor-version":[{"id":6018,"href":"http:\/\/futsalowcy.pl\/index.php?rest_route=\/wp\/v2\/pages\/624\/revisions\/6018"}],"wp:attachment":[{"href":"http:\/\/futsalowcy.pl\/index.php?rest_route=%2Fwp%2Fv2%2Fmedia&parent=624"}],"curies":[{"name":"wp","href":"https:\/\/api.w.org\/{rel}","templated":true}]}}