{"id":672,"date":"2017-08-18T16:07:31","date_gmt":"2017-08-18T16:07:31","guid":{"rendered":"http:\/\/futsalowcy.pl\/?page_id=672"},"modified":"2025-10-19T21:27:44","modified_gmt":"2025-10-19T21:27:44","slug":"top-amator-b","status":"publish","type":"page","link":"http:\/\/futsalowcy.pl\/?page_id=672","title":{"rendered":"Top Amator B"},"content":{"rendered":"<ol>\n<li><span style=\"color: #000000;\">ALEKSANDROWICZ Przemys\u0142aw &#8211; \u0141\u00f3dzki ZPN<\/span><\/li>\n<li><span style=\"color: #000000;\">BARAN Jakub &#8211; Lubelski ZPN<\/span><\/li>\n<li><span style=\"color: #000000;\">BEDNARCZYK Tomasz &#8211; Ma\u0142opolski ZPN<\/span><\/li>\n<li><span style=\"color: #000000;\">BIELAWSKI Mateusz &#8211; \u015al\u0105ski ZPN<\/span><\/li>\n<li><span style=\"color: #000000;\"><a style=\"color: #000000;\" href=\"http:\/\/futsalowcy.pl\/wp-content\/uploads\/2018\/12\/BRYSIEWICZ-ARKADIUSZ.png\">BRYSIEWICZ Arkadiusz &#8211; Podlaski ZPN<\/a><\/span><\/li>\n<li><span style=\"color: #000000;\">B\u0179DZIUCH Andrzej &#8211; Zachodniopomorski ZPN<\/span><\/li>\n<li><span style=\"color: #000000;\"><a style=\"color: #000000;\" href=\"http:\/\/futsalowcy.pl\/wp-content\/uploads\/2021\/10\/CZECH-MARCIN.png\">CZECH Marcin &#8211; Podlaski ZPN<\/a><\/span><\/li>\n<li><span style=\"color: #000000;\">DWORNICKI Mateusz &#8211; Podkarpacki ZPN<\/span><\/li>\n<li><span style=\"color: #000000;\">FILU\u015a Damian &#8211; Wielkopolski ZPN<\/span><\/li>\n<li><span style=\"color: #000000;\">FRENKE Sebastian &#8211; \u015al\u0105ski ZPN<\/span><\/li>\n<li><span style=\"color: #000000;\">FROEHLICH Adrian &#8211; \u015al\u0105ski ZPN<\/span><\/li>\n<li><span style=\"color: #000000;\">G\u0118BKA Angelika &#8211; \u015al\u0105ski ZPN<\/span><\/li>\n<li><span style=\"color: #000000;\">GOLDA Bart\u0142omiej &#8211; Mazowiecki ZPN<\/span><\/li>\n<li><span style=\"color: #000000;\"><a style=\"color: #000000;\" href=\"http:\/\/futsalowcy.pl\/wp-content\/uploads\/2023\/08\/GONET_RAFAL.png\">GONET Rafa\u0142 &#8211; Podkarpacki ZPN<\/a><\/span><\/li>\n<li><span style=\"color: #000000;\">G\u00d3RCZANY Micha\u0142 &#8211; Opolski ZPN<\/span><\/li>\n<li><span style=\"color: #000000;\">GRADZIK Bart\u0142omiej &#8211; Zachodniopomorski ZPN<\/span><\/li>\n<li><span style=\"color: #000000;\">JASICA Kacper &#8211; Ma\u0142opolski ZPN<\/span><\/li>\n<li><span style=\"color: #000000;\">KAPUSTA Piotr &#8211; Mazowiecki ZPN<\/span><\/li>\n<li><span style=\"color: #000000;\">KO\u0141A\u015a Dawid &#8211; Ma\u0142opolski ZPN<\/span><\/li>\n<li><span style=\"color: #000000;\">KOPE\u0106 Tomasz &#8211; Podkarpacki ZPN<\/span><\/li>\n<li><span style=\"color: #000000;\">KOSEK Rafa\u0142 &#8211; Kujawsko-Pomorski ZPN<\/span><\/li>\n<li><span style=\"color: #000000;\">KOSICKI Micha\u0142 &#8211; Wielkopolski ZPN<\/span><\/li>\n<li><span style=\"color: #000000;\">KOSIEDOWSKI Kryspin &#8211; Pomorski ZPN<\/span><\/li>\n<li><span style=\"color: #000000;\">KOWALIK Marek &#8211; Ma\u0142opolski ZPN<\/span><\/li>\n<li><span style=\"color: #000000;\">KOWALIK Oliwier &#8211; Wielkopolski ZPN<\/span><\/li>\n<li><span style=\"color: #000000;\">KOWALSKI Kamil &#8211; Wielkopolski ZPN<\/span><\/li>\n<li><span style=\"color: #000000;\"><a style=\"color: #000000;\" href=\"http:\/\/futsalowcy.pl\/wp-content\/uploads\/2018\/12\/KUBISZYN-JACEK.png\">KUBISZYN Jacek &#8211; Lubuski ZPN<\/a><\/span><\/li>\n<li><span style=\"color: #000000;\">KU\u015a Patryk &#8211; \u0141\u00f3dzki ZPN<\/span><\/li>\n<li><span style=\"color: #000000;\">KU\u0179NIAK Damian &#8211; Lubelski ZPN<\/span><\/li>\n<li><span style=\"color: #000000;\">LENIK Daniel &#8211; Zachodniopomorski ZPN<\/span><\/li>\n<li><span style=\"color: #000000;\"><a style=\"color: #000000;\" href=\"http:\/\/futsalowcy.pl\/wp-content\/uploads\/2018\/11\/LISTKIEWICZ-KAJETAN.png\">LISTKIEWICZ Kajetan &#8211; Mazowiecki ZPN<\/a><\/span><\/li>\n<li><span style=\"color: #000000;\"><a style=\"color: #000000;\" href=\"http:\/\/futsalowcy.pl\/wp-content\/uploads\/2021\/10\/MERECIK-MICHA\u0141.png\">MERECIK Micha\u0142 &#8211; Ma\u0142opolski ZPN<\/a><\/span><\/li>\n<li><span style=\"color: #000000;\">MISEWICZ Katarzyna &#8211; Mazowiecki ZPN<\/span><\/li>\n<li><span style=\"color: #000000;\">MUSIA\u0141 Dawid &#8211; \u015awi\u0119tokrzyski ZPN<\/span><\/li>\n<li><span style=\"color: #000000;\"><a style=\"color: #000000;\" href=\"http:\/\/futsalowcy.pl\/wp-content\/uploads\/2018\/11\/MUSIA%C5%81-KRZYSZTOF.png\">MUSIA\u0141 Krzysztof &#8211; \u0141\u00f3dzki ZPN<\/a><\/span><\/li>\n<li><span style=\"color: #000000;\">NECHYPURENKO Mykola &#8211; Dolno\u015bl\u0105ski ZPN<\/span><\/li>\n<li><span style=\"color: #000000;\">NIEMIRSKI Micha\u0142 &#8211; Dolno\u015bl\u0105ski ZPN<\/span><\/li>\n<li><span style=\"color: #000000;\">NIEWI\u0143SKI Kamil &#8211; Podlaski ZPN<\/span><\/li>\n<li><span style=\"color: #000000;\"><a style=\"color: #000000;\" href=\"http:\/\/futsalowcy.pl\/wp-content\/uploads\/2018\/11\/NOWACKI-MACIEJ.png\">NOWACKI Maciej \u2013 Podlaski ZPN<\/a><\/span><\/li>\n<li><span style=\"color: #000000;\"><a style=\"color: #000000;\" href=\"http:\/\/futsalowcy.pl\/wp-content\/uploads\/2018\/11\/NOWICKI-BART\u0141OMIEJ.png\">NOWICKI Bart\u0142omiej &#8211; \u0141\u00f3dzki ZPN<\/a><\/span><\/li>\n<li><span style=\"color: #000000;\">NOWICKI Pawe\u0142 &#8211; Warmi\u0144sko-Mazurski ZPN<\/span><\/li>\n<li><span style=\"color: #000000;\">OLEJNICZAK Krzysztof &#8211; Wielkopolski ZPN<\/span><\/li>\n<li><span style=\"color: #000000;\">PAJ\u0104CZKOWSKI \u0141ukasz &#8211; \u0141\u00f3dzki ZPN<\/span><\/li>\n<li><span style=\"color: #000000;\"><a style=\"color: #000000;\" href=\"http:\/\/futsalowcy.pl\/wp-content\/uploads\/2018\/12\/PA%C5%81ASZEWSKI-PIOTR.png\">PA\u0141ASZEWSKI Piotr \u2013 Mazowiecki ZPN<\/a><\/span><\/li>\n<li><span style=\"color: #000000;\">PIEPRZYCA Mateusz &#8211; \u015al\u0105ski ZPN<\/span><\/li>\n<li><span style=\"color: #000000;\">PIONKO Marcin &#8211; \u0141\u00f3dzki ZPN<\/span><\/li>\n<li><span style=\"color: #000000;\"><a style=\"color: #000000;\" href=\"http:\/\/futsalowcy.pl\/wp-content\/uploads\/2018\/11\/PIOTROWSKI-ARKADIUSZ.png\">PIOTROWSKI Arkadiusz &#8211; Pomorski ZPN<\/a><\/span><\/li>\n<li><span style=\"color: #000000;\"><a style=\"color: #000000;\" href=\"http:\/\/futsalowcy.pl\/wp-content\/uploads\/2021\/10\/PIOTROWSKI-NORBERT.png\">PIOTROWSKI Norbert \u2013 Pomorski ZPN<\/a><\/span><\/li>\n<li><span style=\"color: #000000;\">POSTULKA Krzysztof &#8211; \u015al\u0105ski ZPN<\/span><\/li>\n<li><span style=\"color: #000000;\">PROKHARAU Mikhail &#8211; Mazowiecki ZPN<\/span><\/li>\n<li><span style=\"color: #000000;\">PRZES\u0141AWSKI Pawe\u0142 &#8211; Wielkopolski ZPN<\/span><\/li>\n<li><span style=\"color: #000000;\"><a style=\"color: #000000;\" href=\"http:\/\/futsalowcy.pl\/wp-content\/uploads\/2020\/12\/PRZYBYSZ-KONRAD.png\">PRZYBYSZ Konrad &#8211; \u0141\u00f3dzki ZPN<\/a><\/span><\/li>\n<li><span style=\"color: #000000;\">RODAK Mateusz &#8211; \u015awi\u0119tokrzyski ZPN<\/span><\/li>\n<li><span style=\"color: #000000;\">RUDNIK \u0141ukasz &#8211; \u015awi\u0119tokrzyski ZPN<\/span><\/li>\n<li><span style=\"color: #000000;\">SAMO\u0141YK Igor &#8211; Podkarpacki ZPN<\/span><\/li>\n<li><span style=\"color: #000000;\">SIKORA Piotr &#8211; Lubelski ZPN<\/span><\/li>\n<li><span style=\"color: #000000;\"><a style=\"color: #000000;\" href=\"http:\/\/futsalowcy.pl\/wp-content\/uploads\/2018\/11\/SKORCZAK-ADRIAN.png\">SKORCZAK Adrian \u2013 Wielkopolski ZPN<\/a><\/span><\/li>\n<li><span style=\"color: #000000;\"><a style=\"color: #000000;\" href=\"http:\/\/futsalowcy.pl\/wp-content\/uploads\/2023\/08\/SOBINEK_ADAM.png\">SOBINEK Adam &#8211; Zachodniopomorski ZPN<\/a><\/span><\/li>\n<li><span style=\"color: #000000;\"><a style=\"color: #000000;\" href=\"http:\/\/futsalowcy.pl\/wp-content\/uploads\/2022\/10\/STRUSKI_KAMIL.png\">STRUSKI Kamil \u2013 Dolno\u015bl\u0105ski ZPN<\/a><\/span><\/li>\n<li><span style=\"color: #000000;\"><a style=\"color: #000000;\" href=\"http:\/\/futsalowcy.pl\/wp-content\/uploads\/2018\/12\/SZCZO%C5%81KO-KAROL.png\">SZCZO\u0141KO Karol \u2013 Lubelski ZPN<\/a><\/span><\/li>\n<li><span style=\"color: #000000;\">SZCZUKO Adam &#8211; Pomorski ZPN<\/span><\/li>\n<li><span style=\"color: #000000;\">SZOSTAK Filip &#8211; Opolski ZPN<\/span><\/li>\n<li><span style=\"color: #000000;\">SZYMCZAK Arkadiusz &#8211; \u015al\u0105ski ZPN<\/span><\/li>\n<li><span style=\"color: #000000;\"><a style=\"color: #000000;\" href=\"http:\/\/futsalowcy.pl\/wp-content\/uploads\/2021\/10\/\u015aWIERCZEK-RAFA\u0141.png\">\u015aWIERCZEK Rafa\u0142 \u2013 Dolno\u015bl\u0105ski ZPN<\/a><\/span><\/li>\n<li><span style=\"color: #000000;\">TARNOWSKI Mateusz &#8211; Pomorski ZPN<\/span><\/li>\n<li><span style=\"color: #000000;\">WAC\u0141AWIK Kamil &#8211; \u015al\u0105ski ZPN<\/span><\/li>\n<li><span style=\"color: #000000;\">WANICKI Tomasz &#8211; \u015al\u0105ski ZPN<\/span><\/li>\n<li><span style=\"color: #000000;\">WASKOWSKI Micha\u0142 \u2013 Wielkopolski ZPN<\/span><\/li>\n<li><span style=\"color: #000000;\">WAWRZYNIAK Marek \u2013 Lubuski ZPN<\/span><\/li>\n<li><span style=\"color: #000000;\">WIELABA Jaros\u0142aw &#8211; Lubelski ZPN<\/span><\/li>\n<li><span style=\"color: #000000;\"><a style=\"color: #000000;\" href=\"http:\/\/futsalowcy.pl\/wp-content\/uploads\/2018\/12\/WIERCIOCH-SZYMON.png\">WIERCIOCH Szymon \u2013 \u015al\u0105ski ZPN<\/a><\/span><\/li>\n<li><span style=\"color: #000000;\">WRONIECKI Mateusz &#8211; Kujawsko-Pomorski ZPN<\/span><\/li>\n<li><span style=\"color: #000000;\">ZDEB Bartosz &#8211; Podkarpacki ZPN<\/span><\/li>\n<li><span style=\"color: #000000;\"><a style=\"color: #000000;\" href=\"http:\/\/futsalowcy.pl\/wp-content\/uploads\/2022\/10\/ZIACH_RAFAL.png\">ZIACH Rafa\u0142 Chrzan\u00f3w &#8211; Ma\u0142opolski ZPN<\/a><\/span><\/li>\n<li><span style=\"color: #000000;\">ZI\u0118BA Hubert \u2013 \u015awi\u0119tokrzyski ZPN<\/span><\/li>\n<li><span style=\"color: #000000;\"><a style=\"color: #000000;\" href=\"http:\/\/futsalowcy.pl\/wp-content\/uploads\/2020\/12\/\u017bYNIS-ARKADIUSZ.png\">\u017bYNIS Arkadiusz &#8211; Pomorski ZPN<\/a><\/span><\/li>\n<\/ol>\n","protected":false},"excerpt":{"rendered":"<p>ALEKSANDROWICZ Przemys\u0142aw &#8211; \u0141\u00f3dzki ZPN BARAN Jakub &#8211; Lubelski ZPN BEDNARCZYK Tomasz &#8211; Ma\u0142opolski ZPN BIELAWSKI Mateusz &#8211; \u015al\u0105ski ZPN BRYSIEWICZ Arkadiusz &#8211; Podlaski ZPN B\u0179DZIUCH Andrzej &#8211; Zachodniopomorski ZPN CZECH Marcin &#8211; Podlaski ZPN DWORNICKI Mateusz &#8211; Podkarpacki ZPN FILU\u015a Damian &#8211; Wielkopolski ZPN FRENKE Sebastian &#8211; \u015al\u0105ski ZPN FROEHLICH Adrian &#8211; \u015al\u0105ski ZPN [&hellip;]<\/p>\n","protected":false},"author":2,"featured_media":0,"parent":0,"menu_order":0,"comment_status":"closed","ping_status":"closed","template":"","meta":[],"_links":{"self":[{"href":"http:\/\/futsalowcy.pl\/index.php?rest_route=\/wp\/v2\/pages\/672"}],"collection":[{"href":"http:\/\/futsalowcy.pl\/index.php?rest_route=\/wp\/v2\/pages"}],"about":[{"href":"http:\/\/futsalowcy.pl\/index.php?rest_route=\/wp\/v2\/types\/page"}],"author":[{"embeddable":true,"href":"http:\/\/futsalowcy.pl\/index.php?rest_route=\/wp\/v2\/users\/2"}],"replies":[{"embeddable":true,"href":"http:\/\/futsalowcy.pl\/index.php?rest_route=%2Fwp%2Fv2%2Fcomments&post=672"}],"version-history":[{"count":45,"href":"http:\/\/futsalowcy.pl\/index.php?rest_route=\/wp\/v2\/pages\/672\/revisions"}],"predecessor-version":[{"id":6017,"href":"http:\/\/futsalowcy.pl\/index.php?rest_route=\/wp\/v2\/pages\/672\/revisions\/6017"}],"wp:attachment":[{"href":"http:\/\/futsalowcy.pl\/index.php?rest_route=%2Fwp%2Fv2%2Fmedia&parent=672"}],"curies":[{"name":"wp","href":"https:\/\/api.w.org\/{rel}","templated":true}]}}